{"id":1790,"date":"2024-04-15T01:57:37","date_gmt":"2024-04-15T01:57:37","guid":{"rendered":"https:\/\/fils.mx\/?page_id=1790"},"modified":"2024-04-15T01:58:34","modified_gmt":"2024-04-15T01:58:34","slug":"elementor-1790","status":"publish","type":"page","link":"https:\/\/fils.mx\/?page_id=1790","title":{"rendered":"John Cena"},"content":{"rendered":"\t\t<div data-elementor-type=\"wp-page\" data-elementor-id=\"1790\" class=\"elementor elementor-1790\">\n\t\t\t\t\t\t<section class=\"elementor-section elementor-top-section elementor-element elementor-element-0f4af79 elementor-section-boxed elementor-section-height-default elementor-section-height-default\" data-id=\"0f4af79\" data-element_type=\"section\">\n\t\t\t\t\t\t<div class=\"elementor-container elementor-column-gap-default\">\n\t\t\t\t\t<div class=\"elementor-column elementor-col-50 elementor-top-column elementor-element elementor-element-bfc290a\" data-id=\"bfc290a\" data-element_type=\"column\">\n\t\t\t<div class=\"elementor-widget-wrap elementor-element-populated\">\n\t\t\t\t\t\t<div class=\"elementor-element elementor-element-a3a3ae2 elementor-widget elementor-widget-image\" data-id=\"a3a3ae2\" data-element_type=\"widget\" data-widget_type=\"image.default\">\n\t\t\t\t<div class=\"elementor-widget-container\">\n\t\t\t<style>\/*! elementor - v3.23.0 - 05-08-2024 *\/\n.elementor-widget-image{text-align:center}.elementor-widget-image a{display:inline-block}.elementor-widget-image a img[src$=\".svg\"]{width:48px}.elementor-widget-image img{vertical-align:middle;display:inline-block}<\/style>\t\t\t\t\t\t\t\t\t\t<img fetchpriority=\"high\" decoding=\"async\" width=\"240\" height=\"300\" src=\"https:\/\/fils.mx\/wp-content\/uploads\/2024\/04\/432924803_1179154896757243_1946591543304737318_n-240x300.jpg\" class=\"attachment-medium size-medium wp-image-1792\" alt=\"\" srcset=\"https:\/\/fils.mx\/wp-content\/uploads\/2024\/04\/432924803_1179154896757243_1946591543304737318_n-240x300.jpg 240w, https:\/\/fils.mx\/wp-content\/uploads\/2024\/04\/432924803_1179154896757243_1946591543304737318_n-819x1024.jpg 819w, https:\/\/fils.mx\/wp-content\/uploads\/2024\/04\/432924803_1179154896757243_1946591543304737318_n-768x960.jpg 768w, https:\/\/fils.mx\/wp-content\/uploads\/2024\/04\/432924803_1179154896757243_1946591543304737318_n.jpg 1080w\" sizes=\"(max-width: 240px) 100vw, 240px\" \/>\t\t\t\t\t\t\t\t\t\t\t\t\t<\/div>\n\t\t\t\t<\/div>\n\t\t\t\t\t<\/div>\n\t\t<\/div>\n\t\t\t\t<div class=\"elementor-column elementor-col-50 elementor-top-column elementor-element elementor-element-10e59e1\" data-id=\"10e59e1\" data-element_type=\"column\">\n\t\t\t<div class=\"elementor-widget-wrap elementor-element-populated\">\n\t\t\t\t\t\t<div class=\"elementor-element elementor-element-682683b elementor-widget elementor-widget-heading\" data-id=\"682683b\" data-element_type=\"widget\" data-widget_type=\"heading.default\">\n\t\t\t\t<div class=\"elementor-widget-container\">\n\t\t\t<style>\/*! elementor - v3.23.0 - 05-08-2024 *\/\n.elementor-heading-title{padding:0;margin:0;line-height:1}.elementor-widget-heading .elementor-heading-title[class*=elementor-size-]>a{color:inherit;font-size:inherit;line-height:inherit}.elementor-widget-heading .elementor-heading-title.elementor-size-small{font-size:15px}.elementor-widget-heading .elementor-heading-title.elementor-size-medium{font-size:19px}.elementor-widget-heading .elementor-heading-title.elementor-size-large{font-size:29px}.elementor-widget-heading .elementor-heading-title.elementor-size-xl{font-size:39px}.elementor-widget-heading .elementor-heading-title.elementor-size-xxl{font-size:59px}<\/style><h4 class=\"elementor-heading-title elementor-size-default\">John Felix Anthony Cena (West Newbury, Massachusetts; 23 de abril de 1977) es un luchador profesional, actor y autor estadounidense que primero salt\u00f3 a la fama en la organizaci\u00f3n World Wrestling Entertainment (WWE) y luego tuvo \u00e9xito en pel\u00edculas y libros.\n\nNaci\u00f3 el 23 de abril de 1977 en West Newbury, Massachusetts, hijo de Carol (de soltera Lupien) y John Joseph Cena. Su madre es de ascendencia inglesa y francocanadiense, mientras que su padre, un exlocutor de ring de Chaotic Wrestling, tiene ascendencia italiana. Su abuelo materno fue el jugador de b\u00e9isbol Tony Lupien, mientras que su bisabuelo materno fue el empresario Ulysses J. Lupien. Es el segundo mayor de cinco hermanos: Dan, Matt, Steve y Sean. Como fan\u00e1tico de la lucha libre mientras crec\u00eda, crear\u00eda cinturones de campeonato con cart\u00f3n para \u00e9l y sus hermanos. Es primo de la cient\u00edfica inform\u00e1tica Natalie Enright Jerger y se crio como cat\u00f3lico. \n\nCena asisti\u00f3 a Central Catholic High School en Lawrence, Massachusetts, antes de transferirse a Cushing Academy, un internado privado en Ashburnham, Massachusetts. Luego asisti\u00f3 a Springfield College en Springfield, Massachusetts, donde fue un centro All-American de la Divisi\u00f3n III de la NCAA y capit\u00e1n en su equipo de f\u00fatbol universitario, con el n\u00famero 54. Se gradu\u00f3 de Springfield College en 1999 con un t\u00edtulo en fisiolog\u00eda del ejercicio y movimiento corporal, despu\u00e9s de lo cual sigui\u00f3 una carrera de culturismo y trabaj\u00f3 como conductor de limusina. Cena trabajaba en el \u00e1rea de tiendas de Gold's Gym por $6 la hora.<\/h4>\t\t<\/div>\n\t\t\t\t<\/div>\n\t\t\t\t\t<\/div>\n\t\t<\/div>\n\t\t\t\t\t<\/div>\n\t\t<\/section>\n\t\t\t\t<\/div>\n\t\t","protected":false},"excerpt":{"rendered":"<p>John Felix Anthony Cena (West Newbury, Massachusetts; 23 de abril de 1977) es un luchador profesional, actor y autor estadounidense que primero salt\u00f3 a la fama en la organizaci\u00f3n World Wrestling Entertainment (WWE) y luego tuvo \u00e9xito en pel\u00edculas y libros. Naci\u00f3 el 23 de abril de 1977 en West Newbury, Massachusetts, hijo de Carol&#8230;<\/p>\n","protected":false},"author":1,"featured_media":0,"parent":0,"menu_order":0,"comment_status":"closed","ping_status":"closed","template":"","meta":{"_kadence_starter_templates_imported_post":false,"_kad_post_transparent":"","_kad_post_title":"hide","_kad_post_layout":"fullwidth","_kad_post_sidebar_id":"","_kad_post_content_style":"unboxed","_kad_post_vertical_padding":"hide","_kad_post_feature":"hide","_kad_post_feature_position":"","_kad_post_header":false,"_kad_post_footer":false,"footnotes":""},"class_list":["post-1790","page","type-page","status-publish","hentry"],"_links":{"self":[{"href":"https:\/\/fils.mx\/index.php?rest_route=\/wp\/v2\/pages\/1790","targetHints":{"allow":["GET"]}}],"collection":[{"href":"https:\/\/fils.mx\/index.php?rest_route=\/wp\/v2\/pages"}],"about":[{"href":"https:\/\/fils.mx\/index.php?rest_route=\/wp\/v2\/types\/page"}],"author":[{"embeddable":true,"href":"https:\/\/fils.mx\/index.php?rest_route=\/wp\/v2\/users\/1"}],"replies":[{"embeddable":true,"href":"https:\/\/fils.mx\/index.php?rest_route=%2Fwp%2Fv2%2Fcomments&post=1790"}],"version-history":[{"count":5,"href":"https:\/\/fils.mx\/index.php?rest_route=\/wp\/v2\/pages\/1790\/revisions"}],"predecessor-version":[{"id":1796,"href":"https:\/\/fils.mx\/index.php?rest_route=\/wp\/v2\/pages\/1790\/revisions\/1796"}],"wp:attachment":[{"href":"https:\/\/fils.mx\/index.php?rest_route=%2Fwp%2Fv2%2Fmedia&parent=1790"}],"curies":[{"name":"wp","href":"https:\/\/api.w.org\/{rel}","templated":true}]}}